{"id":14742,"date":"2025-08-11T11:39:25","date_gmt":"2025-08-11T11:39:25","guid":{"rendered":"https:\/\/www.validinforme.com\/?page_id=14742"},"modified":"2025-08-11T12:28:03","modified_gmt":"2025-08-11T12:28:03","slug":"wir-suchen-experten-werden-sie-unser-partner-in-ganz-spanien","status":"publish","type":"page","link":"https:\/\/www.validinforme.com\/de\/wir-suchen-experten-werden-sie-unser-partner-in-ganz-spanien\/","title":{"rendered":"Wir suchen Experten \u2013 Werden Sie unser Partner in ganz Spanien"},"content":{"rendered":"\t\t<div data-elementor-type=\"wp-page\" data-elementor-id=\"14742\" class=\"elementor elementor-14742 elementor-14738\">\n\t\t\t\t<div class=\"elementor-element elementor-element-005346c elementor-hidden-desktop elementor-hidden-tablet e-flex e-con-boxed rt-parallax-bg-no wpr-particle-no wpr-jarallax-no wpr-parallax-no wpr-sticky-section-no wpr-column-slider-no wpr-equal-height-no e-con e-parent\" data-id=\"005346c\" data-element_type=\"container\" data-e-type=\"container\">\n\t\t\t\t\t<div class=\"e-con-inner\">\n\t\t\t\t<div class=\"elementor-element elementor-element-00a3f3a elementor-widget elementor-widget-spacer\" data-id=\"00a3f3a\" data-element_type=\"widget\" data-e-type=\"widget\" data-widget_type=\"spacer.default\">\n\t\t\t\t<div class=\"elementor-widget-container\">\n\t\t\t\t\t\t\t<div class=\"elementor-spacer\">\n\t\t\t<div class=\"elementor-spacer-inner\"><\/div>\n\t\t<\/div>\n\t\t\t\t\t\t<\/div>\n\t\t\t\t<\/div>\n\t\t\t\t\t<\/div>\n\t\t\t\t<\/div>\n\t\t<div class=\"elementor-element elementor-element-a6ba8b6 e-flex e-con-boxed rt-parallax-bg-no wpr-particle-no wpr-jarallax-no wpr-parallax-no wpr-sticky-section-no wpr-column-slider-no wpr-equal-height-no e-con e-parent\" data-id=\"a6ba8b6\" data-element_type=\"container\" data-e-type=\"container\" data-settings=\"{&quot;background_background&quot;:&quot;classic&quot;}\">\n\t\t\t\t\t<div class=\"e-con-inner\">\n\t\t<div class=\"elementor-element elementor-element-6573875 e-flex e-con-boxed rt-parallax-bg-no wpr-particle-no wpr-jarallax-no wpr-parallax-no wpr-sticky-section-no wpr-column-slider-no wpr-equal-height-no e-con e-child\" data-id=\"6573875\" data-element_type=\"container\" data-e-type=\"container\" data-settings=\"{&quot;background_background&quot;:&quot;classic&quot;}\">\n\t\t\t\t\t<div class=\"e-con-inner\">\n\t\t\t\t<div class=\"elementor-element elementor-element-0f7aa6e elementor-widget__width-inherit elementor-hidden-mobile elementor-hidden-tablet elementor-invisible elementor-widget elementor-widget-rt-title\" data-id=\"0f7aa6e\" data-element_type=\"widget\" data-e-type=\"widget\" data-widget_type=\"rt-title.default\">\n\t\t\t\t<div class=\"elementor-widget-container\">\n\t\t\t\t\t<div class=\"section-title-wrapper\">\r\n\t<div class=\"title-inner-wrapper\">\r\n        \t\t<!--Top Sub Title-->\r\n\t\t\r\n\t\t<!--Main Title-->\r\n\t\t        <div class=\"wow-off fadeInUp\" data-wow-delay=\"400ms\" data-wow-duration=\"1200ms\">\r\n            <h1 class=\"main-title title-gradient-animation no no middle center\">Wir suchen Experten \u2013 Werden Sie unser Partner in ganz Spanien<\/h1>\r\n        <\/div>\r\n        \r\n        <!--Description-->\r\n                    <div class=\"description wow-off fadeInUp\" data-wow-delay=\"600ms\" data-wow-duration=\"1200ms\">Architekten, Rechtsanw\u00e4lte, Steuerberater, Techniker und mehr<\/div>\r\n        \r\n\t        <\/div>\r\n<\/div>\t\t\t\t<\/div>\n\t\t\t\t<\/div>\n\t\t\t\t<div class=\"elementor-element elementor-element-1257076 elementor-widget__width-inherit elementor-hidden-desktop elementor-invisible elementor-widget elementor-widget-rt-title\" data-id=\"1257076\" data-element_type=\"widget\" data-e-type=\"widget\" data-widget_type=\"rt-title.default\">\n\t\t\t\t<div class=\"elementor-widget-container\">\n\t\t\t\t\t<div class=\"section-title-wrapper\">\r\n\t<div class=\"title-inner-wrapper\">\r\n        \t\t<!--Top Sub Title-->\r\n\t\t\r\n\t\t<!--Main Title-->\r\n\t\t        <div class=\"wow-off fadeInUp\" data-wow-delay=\"400ms\" data-wow-duration=\"1200ms\">\r\n            <h1 class=\"main-title title-gradient-animation no no middle center\">Wir suchen Experten \u2013 Werden Sie unser Partner in ganz Spanien<\/h1>\r\n        <\/div>\r\n        \r\n        <!--Description-->\r\n                    <div class=\"description wow-off fadeInUp\" data-wow-delay=\"600ms\" data-wow-duration=\"1200ms\">Architekten, Rechtsanw\u00e4lte, Steuerberater, Techniker und mehr<\/div>\r\n        \r\n\t        <\/div>\r\n<\/div>\t\t\t\t<\/div>\n\t\t\t\t<\/div>\n\t\t<div class=\"elementor-element elementor-element-4579f1d e-grid e-con-full rt-parallax-bg-no wpr-particle-no wpr-jarallax-no wpr-parallax-no wpr-sticky-section-no wpr-column-slider-no wpr-equal-height-no e-con e-child\" data-id=\"4579f1d\" data-element_type=\"container\" data-e-type=\"container\">\n\t\t\t\t<div class=\"elementor-element elementor-element-553f95c elementor-widget elementor-widget-rt-image\" data-id=\"553f95c\" data-element_type=\"widget\" data-e-type=\"widget\" data-widget_type=\"rt-image.default\">\n\t\t\t\t<div class=\"elementor-widget-container\">\n\t\t\t\t\t\r\n<div class=\"rt-image-layout rt-image-layout-1  rt-image-parallax\">\r\n\r\n\t        <div class=\"rt-image default  wow-off fadeInUp\" data-wow-delay=\"200ms\" data-wow-duration=\"1200ms\">\r\n            <div data-depth=\"4.00\">\r\n\t            \t\t            <img fetchpriority=\"high\" decoding=\"async\" width=\"900\" height=\"580\" src=\"https:\/\/www.validinforme.com\/wp-content\/uploads\/2025\/08\/trabaje-con-nosotros.jpg\" class=\"attachment-full size-full\" alt=\"\" srcset=\"https:\/\/www.validinforme.com\/wp-content\/uploads\/2025\/08\/trabaje-con-nosotros.jpg 900w, https:\/\/www.validinforme.com\/wp-content\/uploads\/2025\/08\/trabaje-con-nosotros-300x193.jpg 300w, https:\/\/www.validinforme.com\/wp-content\/uploads\/2025\/08\/trabaje-con-nosotros-768x495.jpg 768w\" sizes=\"(max-width: 900px) 100vw, 900px\" \/>\t\t                        <\/div>\r\n        <\/div>\r\n            \r\n\t\r\n\t\r\n\t\r\n\t\r\n\t\r\n<\/div>\t\t\t\t<\/div>\n\t\t\t\t<\/div>\n\t\t\t\t<div class=\"elementor-element elementor-element-97517ad elementor-widget elementor-widget-text-editor\" data-id=\"97517ad\" data-element_type=\"widget\" data-e-type=\"widget\" data-widget_type=\"text-editor.default\">\n\t\t\t\t<div class=\"elementor-widget-container\">\n\t\t\t\t\t\t\t\t\t<p>Wir suchen qualifizierte <strong>Architekten<\/strong>, <strong>Rechtsanw\u00e4lte<\/strong>, <strong>Steuerberater<\/strong>, <strong>Techniker<\/strong> und weitere <strong>Fachkr\u00e4fte<\/strong>, die uns helfen, die <strong>Anforderungen<\/strong> unserer <strong>Kunden<\/strong> zuverl\u00e4ssig zu erf\u00fcllen. Unsere Projekte und Auftr\u00e4ge erstrecken sich \u00fcber ganz <strong>Spanien<\/strong> \u2013 von pulsierenden <strong>St\u00e4dten<\/strong> bis zu beliebten <strong>K\u00fcstenregionen<\/strong> und l\u00e4ndlichen Gebieten.<\/p><p>Wir arbeiten in verschiedenen <strong>Bereichen<\/strong>, darunter <strong>Planung<\/strong>, <strong>Rechtsberatung<\/strong>, <strong>Steuerfragen<\/strong> sowie <strong>technische Gutachten<\/strong> und <strong>Inspektionen<\/strong>. Als unser Partner profitieren Sie von spannenden Projekten, klaren Absprachen und einer langfristigen <strong>Zusammenarbeit<\/strong> auf Basis von Vertrauen.<\/p><p>Ob Sie <strong>selbstst\u00e4ndig<\/strong> arbeiten oder Teil eines Unternehmens sind \u2013 wir legen Wert auf <strong>Kompetenz<\/strong>, <strong>Qualit\u00e4t<\/strong> und <strong>Zuverl\u00e4ssigkeit<\/strong>. Wenn Sie Ihre <strong>Erfahrung<\/strong> in ein starkes Netzwerk einbringen m\u00f6chten, sind Sie bei uns richtig.<\/p>\t\t\t\t\t\t\t\t<\/div>\n\t\t\t\t<\/div>\n\t\t\t\t<\/div>\n\t\t\t\t<div class=\"elementor-element elementor-element-65b67b4 elementor-widget__width-inherit elementor-widget elementor-widget-text-editor\" data-id=\"65b67b4\" data-element_type=\"widget\" data-e-type=\"widget\" data-widget_type=\"text-editor.default\">\n\t\t\t\t<div class=\"elementor-widget-container\">\n\t\t\t\t\t\t\t\t\t<p>GEMEINSAM BAUEN WIR STARKE PARTNERSCHAFTEN F\u00dcR ERFOLGREICHE PROJEKTE IN GANZ SPANIEN<\/p>\t\t\t\t\t\t\t\t<\/div>\n\t\t\t\t<\/div>\n\t\t\t\t<div class=\"elementor-element elementor-element-e7b210c elementor-widget__width-inherit elementor-invisible elementor-widget elementor-widget-rt-title\" data-id=\"e7b210c\" data-element_type=\"widget\" data-e-type=\"widget\" data-widget_type=\"rt-title.default\">\n\t\t\t\t<div class=\"elementor-widget-container\">\n\t\t\t\t\t<div class=\"section-title-wrapper\">\r\n\t<div class=\"title-inner-wrapper\">\r\n        \t\t<!--Top Sub Title-->\r\n\t\t\r\n\t\t<!--Main Title-->\r\n\t\t        <div class=\"wow-off fadeInUp\" data-wow-delay=\"400ms\" data-wow-duration=\"1200ms\">\r\n            <h3 class=\"main-title title-gradient-animation no no middle left\">\u00dcber eine Zusammenarbeit\n \n<\/h3>\r\n        <\/div>\r\n        \r\n        <!--Description-->\r\n                    <div class=\"description wow-off fadeInUp\" data-wow-delay=\"600ms\" data-wow-duration=\"1200ms\"><p>Nehmen Sie <strong>Kontakt<\/strong> mit uns auf, um die Bedingungen, Erwartungen und M\u00f6glichkeiten einer m\u00f6glichen <strong>Zusammenarbeit<\/strong> im Detail zu besprechen. Wir m\u00f6chten Ihre <strong>Erfahrung<\/strong>, Ihre <strong>Spezialisierung<\/strong> und die Art und Weise kennenlernen, wie wir effektiv und rentabel zusammenarbeiten k\u00f6nnen. Unser Ziel ist es, langfristige Beziehungen zu <strong>Profis<\/strong> aufzubauen, die unsere Werte <strong>Qualit\u00e4t<\/strong>, <strong>Vertrauen<\/strong> und <strong>Verantwortung<\/strong> teilen. Gemeinsam k\u00f6nnen wir unseren <strong>Kunden<\/strong> in ganz <strong>Spanien<\/strong> den besten <strong>Service<\/strong> bieten, indem wir uns an ihre Bed\u00fcrfnisse anpassen und ihre Erwartungen in jedem Projekt \u00fcbertreffen.<\/p><\/div>\r\n        \r\n\t        <\/div>\r\n<\/div>\t\t\t\t<\/div>\n\t\t\t\t<\/div>\n\t\t\t\t<div class=\"elementor-element elementor-element-9c90026 elementor-invisible elementor-widget elementor-widget-rt-button\" data-id=\"9c90026\" data-element_type=\"widget\" data-e-type=\"widget\" data-widget_type=\"rt-button.default\">\n\t\t\t\t<div class=\"elementor-widget-container\">\n\t\t\t\t\t\r\n<div class=\"rt-button quixa-button wow-off fadeInUp\" data-wow-delay=\"200ms\" data-wow-duration=\"1200ms\">\r\n\t                    <a class=\"btn button-1\" href=\"https:\/\/www.validinforme.com\/de\/kontakt\/\" target=\"_blank\">\r\n                <div class=\"btn-wrap\">\r\n                    <span class=\"btn-text2\">Ihr Kontakt zu uns<i class=\"icon-rt-right-arrow\"><\/i><\/span>\r\n                <\/div>\r\n            <\/a>\r\n        <\/div>\t\t\t\t<\/div>\n\t\t\t\t<\/div>\n\t\t\t\t\t<\/div>\n\t\t\t\t<\/div>\n\t\t\t\t\t<\/div>\n\t\t\t\t<\/div>\n\t\t<div class=\"elementor-element elementor-element-de4df40 e-flex e-con-boxed rt-parallax-bg-no wpr-particle-no wpr-jarallax-no wpr-parallax-no wpr-sticky-section-no wpr-column-slider-no wpr-equal-height-no e-con e-parent\" data-id=\"de4df40\" data-element_type=\"container\" data-e-type=\"container\">\n\t\t\t\t\t<div class=\"e-con-inner\">\n\t\t\t\t<div class=\"elementor-element elementor-element-d2d8132 elementor-widget elementor-widget-text-editor\" data-id=\"d2d8132\" data-element_type=\"widget\" data-e-type=\"widget\" data-widget_type=\"text-editor.default\">\n\t\t\t\t<div class=\"elementor-widget-container\">\n\t\t\t\t\t\t\t\t\t<p style=\"font-size: 9px; margin-top: -10px; margin-left: 5px;\">\u00a9 Fotonachweis \u2013 <a href=\"https:\/\/www.bigstockphoto.com\/de\/search\/?contributor=pinkypills\" rel=\"nofollow\">pinkypills<\/a> &#8211; <a href=\"https:\/\/www.bigstockphoto.com\/de\/\" rel=\"nofollow\">www.bigstockphoto.com<\/a><\/p>\t\t\t\t\t\t\t\t<\/div>\n\t\t\t\t<\/div>\n\t\t\t\t\t<\/div>\n\t\t\t\t<\/div>\n\t\t\t\t<\/div>\n\t\t","protected":false},"excerpt":{"rendered":"<p>Wir suchen Experten \u2013 Werden Sie unser Partner in ganz Spanien Architekten, Rechtsanw\u00e4lte, Steuerberater, Techniker und mehr Wir suchen Experten \u2013 Werden Sie unser Partner in ganz Spanien Architekten, Rechtsanw\u00e4lte, Steuerberater, Techniker und mehr Wir suchen qualifizierte Architekten, Rechtsanw\u00e4lte, Steuerberater, Techniker und weitere Fachkr\u00e4fte, die uns helfen, die Anforderungen unserer Kunden zuverl\u00e4ssig zu erf\u00fcllen. Unsere Projekte und Auftr\u00e4ge erstrecken sich \u00fcber ganz Spanien \u2013 von pulsierenden St\u00e4dten bis zu beliebten K\u00fcstenregionen und l\u00e4ndlichen Gebieten. Wir arbeiten in verschiedenen Bereichen, darunter Planung, Rechtsberatung, Steuerfragen sowie technische Gutachten und Inspektionen. Als unser Partner profitieren Sie von spannenden Projekten, klaren Absprachen und einer langfristigen Zusammenarbeit auf Basis von Vertrauen. Ob Sie selbstst\u00e4ndig arbeiten oder Teil eines Unternehmens sind \u2013 wir legen Wert auf Kompetenz, Qualit\u00e4t und Zuverl\u00e4ssigkeit. Wenn Sie Ihre Erfahrung in ein starkes Netzwerk einbringen m\u00f6chten, sind Sie bei uns richtig. GEMEINSAM BAUEN WIR STARKE PARTNERSCHAFTEN F\u00dcR ERFOLGREICHE PROJEKTE IN GANZ SPANIEN \u00dcber eine Zusammenarbeit Nehmen Sie Kontakt mit uns auf, um die Bedingungen, Erwartungen und M\u00f6glichkeiten einer m\u00f6glichen Zusammenarbeit im Detail zu besprechen. Wir m\u00f6chten Ihre Erfahrung, Ihre Spezialisierung und die Art und Weise kennenlernen, wie wir effektiv und rentabel zusammenarbeiten k\u00f6nnen. Unser Ziel ist es, langfristige Beziehungen zu Profis aufzubauen, die unsere Werte Qualit\u00e4t, Vertrauen und Verantwortung teilen. Gemeinsam k\u00f6nnen wir unseren Kunden in ganz Spanien den besten Service bieten, indem wir uns an ihre Bed\u00fcrfnisse anpassen und ihre Erwartungen in jedem Projekt \u00fcbertreffen. Ihr Kontakt zu uns \u00a9 Fotonachweis \u2013 pinkypills &#8211; www.bigstockphoto.com<\/p>\n","protected":false},"author":2,"featured_media":12845,"parent":0,"menu_order":0,"comment_status":"closed","ping_status":"closed","template":"elementor_header_footer","meta":{"inline_featured_image":false,"footnotes":""},"class_list":["post-14742","page","type-page","status-publish","has-post-thumbnail","hentry"],"yoast_head":"<!-- This site is optimized with the Yoast SEO plugin v27.5 - https:\/\/yoast.com\/product\/yoast-seo-wordpress\/ -->\n<title>Wir suchen Experten \u2013 Werden Sie unser Partner in ganz Spanien<\/title>\n<meta name=\"description\" content=\"Schlie\u00dfen Sie sich unserem Netzwerk von Experten in Spanien an.Wir suchen Architekten, Rechtsanw\u00e4lte, Steuerberater und Techniker ..\" \/>\n<meta name=\"robots\" content=\"index, follow, max-snippet:-1, max-image-preview:large, max-video-preview:-1\" \/>\n<link rel=\"canonical\" href=\"https:\/\/www.validinforme.com\/de\/wir-suchen-experten-werden-sie-unser-partner-in-ganz-spanien\/\" \/>\n<meta property=\"og:locale\" content=\"de_DE\" \/>\n<meta property=\"og:type\" content=\"article\" \/>\n<meta property=\"og:title\" content=\"Wir suchen Experten \u2013 Werden Sie unser Partner in ganz Spanien\" \/>\n<meta property=\"og:description\" content=\"Schlie\u00dfen Sie sich unserem Netzwerk von Experten in Spanien an.Wir suchen Architekten, Rechtsanw\u00e4lte, Steuerberater und Techniker ..\" \/>\n<meta property=\"og:url\" content=\"https:\/\/www.validinforme.com\/de\/wir-suchen-experten-werden-sie-unser-partner-in-ganz-spanien\/\" \/>\n<meta property=\"og:site_name\" content=\"validinforme\" \/>\n<meta property=\"article:modified_time\" content=\"2025-08-11T12:28:03+00:00\" \/>\n<meta property=\"og:image\" content=\"https:\/\/www.validinforme.com\/wp-content\/uploads\/2025\/07\/sobre-nosotros.jpg\" \/>\n\t<meta property=\"og:image:width\" content=\"1600\" \/>\n\t<meta property=\"og:image:height\" content=\"1066\" \/>\n\t<meta property=\"og:image:type\" content=\"image\/jpeg\" \/>\n<meta name=\"twitter:card\" content=\"summary_large_image\" \/>\n<meta name=\"twitter:label1\" content=\"Gesch\u00e4tzte Lesezeit\" \/>\n\t<meta name=\"twitter:data1\" content=\"2\u00a0Minuten\" \/>\n<script type=\"application\/ld+json\" class=\"yoast-schema-graph\">{\"@context\":\"https:\\\/\\\/schema.org\",\"@graph\":[{\"@type\":\"WebPage\",\"@id\":\"https:\\\/\\\/www.validinforme.com\\\/de\\\/wir-suchen-experten-werden-sie-unser-partner-in-ganz-spanien\\\/\",\"url\":\"https:\\\/\\\/www.validinforme.com\\\/de\\\/wir-suchen-experten-werden-sie-unser-partner-in-ganz-spanien\\\/\",\"name\":\"Wir suchen Experten \u2013 Werden Sie unser Partner in ganz Spanien\",\"isPartOf\":{\"@id\":\"http:\\\/\\\/www.validinforme.com\\\/de\\\/#website\"},\"primaryImageOfPage\":{\"@id\":\"https:\\\/\\\/www.validinforme.com\\\/de\\\/wir-suchen-experten-werden-sie-unser-partner-in-ganz-spanien\\\/#primaryimage\"},\"image\":{\"@id\":\"https:\\\/\\\/www.validinforme.com\\\/de\\\/wir-suchen-experten-werden-sie-unser-partner-in-ganz-spanien\\\/#primaryimage\"},\"thumbnailUrl\":\"https:\\\/\\\/www.validinforme.com\\\/wp-content\\\/uploads\\\/2025\\\/07\\\/sobre-nosotros.jpg\",\"datePublished\":\"2025-08-11T11:39:25+00:00\",\"dateModified\":\"2025-08-11T12:28:03+00:00\",\"description\":\"Schlie\u00dfen Sie sich unserem Netzwerk von Experten in Spanien an.Wir suchen Architekten, Rechtsanw\u00e4lte, Steuerberater und Techniker ..\",\"breadcrumb\":{\"@id\":\"https:\\\/\\\/www.validinforme.com\\\/de\\\/wir-suchen-experten-werden-sie-unser-partner-in-ganz-spanien\\\/#breadcrumb\"},\"inLanguage\":\"de\",\"potentialAction\":[{\"@type\":\"ReadAction\",\"target\":[\"https:\\\/\\\/www.validinforme.com\\\/de\\\/wir-suchen-experten-werden-sie-unser-partner-in-ganz-spanien\\\/\"]}]},{\"@type\":\"ImageObject\",\"inLanguage\":\"de\",\"@id\":\"https:\\\/\\\/www.validinforme.com\\\/de\\\/wir-suchen-experten-werden-sie-unser-partner-in-ganz-spanien\\\/#primaryimage\",\"url\":\"https:\\\/\\\/www.validinforme.com\\\/wp-content\\\/uploads\\\/2025\\\/07\\\/sobre-nosotros.jpg\",\"contentUrl\":\"https:\\\/\\\/www.validinforme.com\\\/wp-content\\\/uploads\\\/2025\\\/07\\\/sobre-nosotros.jpg\",\"width\":1600,\"height\":1066,\"caption\":\"Financial accounting stock market graphs analysis\"},{\"@type\":\"BreadcrumbList\",\"@id\":\"https:\\\/\\\/www.validinforme.com\\\/de\\\/wir-suchen-experten-werden-sie-unser-partner-in-ganz-spanien\\\/#breadcrumb\",\"itemListElement\":[{\"@type\":\"ListItem\",\"position\":1,\"name\":\"Startseite\",\"item\":\"http:\\\/\\\/www.validinforme.com\\\/de\\\/\"},{\"@type\":\"ListItem\",\"position\":2,\"name\":\"Wir suchen Experten \u2013 Werden Sie unser Partner in ganz Spanien\"}]},{\"@type\":\"WebSite\",\"@id\":\"http:\\\/\\\/www.validinforme.com\\\/de\\\/#website\",\"url\":\"http:\\\/\\\/www.validinforme.com\\\/de\\\/\",\"name\":\"validinforme\",\"description\":\"Portal de servicios inmobiliarios para propietarios\",\"publisher\":{\"@id\":\"http:\\\/\\\/www.validinforme.com\\\/de\\\/#organization\"},\"potentialAction\":[{\"@type\":\"SearchAction\",\"target\":{\"@type\":\"EntryPoint\",\"urlTemplate\":\"http:\\\/\\\/www.validinforme.com\\\/de\\\/?s={search_term_string}\"},\"query-input\":{\"@type\":\"PropertyValueSpecification\",\"valueRequired\":true,\"valueName\":\"search_term_string\"}}],\"inLanguage\":\"de\"},{\"@type\":\"Organization\",\"@id\":\"http:\\\/\\\/www.validinforme.com\\\/de\\\/#organization\",\"name\":\"validinforme\",\"url\":\"http:\\\/\\\/www.validinforme.com\\\/de\\\/\",\"logo\":{\"@type\":\"ImageObject\",\"inLanguage\":\"de\",\"@id\":\"http:\\\/\\\/www.validinforme.com\\\/de\\\/#\\\/schema\\\/logo\\\/image\\\/\",\"url\":\"http:\\\/\\\/www.validinforme.com\\\/wp-content\\\/uploads\\\/2025\\\/05\\\/cropped-casentro-favicon-full-orange-neu.png\",\"contentUrl\":\"http:\\\/\\\/www.validinforme.com\\\/wp-content\\\/uploads\\\/2025\\\/05\\\/cropped-casentro-favicon-full-orange-neu.png\",\"width\":512,\"height\":512,\"caption\":\"validinforme\"},\"image\":{\"@id\":\"http:\\\/\\\/www.validinforme.com\\\/de\\\/#\\\/schema\\\/logo\\\/image\\\/\"}}]}<\/script>\n<!-- \/ Yoast SEO plugin. -->","yoast_head_json":{"title":"Wir suchen Experten \u2013 Werden Sie unser Partner in ganz Spanien","description":"Schlie\u00dfen Sie sich unserem Netzwerk von Experten in Spanien an.Wir suchen Architekten, Rechtsanw\u00e4lte, Steuerberater und Techniker ..","robots":{"index":"index","follow":"follow","max-snippet":"max-snippet:-1","max-image-preview":"max-image-preview:large","max-video-preview":"max-video-preview:-1"},"canonical":"https:\/\/www.validinforme.com\/de\/wir-suchen-experten-werden-sie-unser-partner-in-ganz-spanien\/","og_locale":"de_DE","og_type":"article","og_title":"Wir suchen Experten \u2013 Werden Sie unser Partner in ganz Spanien","og_description":"Schlie\u00dfen Sie sich unserem Netzwerk von Experten in Spanien an.Wir suchen Architekten, Rechtsanw\u00e4lte, Steuerberater und Techniker ..","og_url":"https:\/\/www.validinforme.com\/de\/wir-suchen-experten-werden-sie-unser-partner-in-ganz-spanien\/","og_site_name":"validinforme","article_modified_time":"2025-08-11T12:28:03+00:00","og_image":[{"width":1600,"height":1066,"url":"https:\/\/www.validinforme.com\/wp-content\/uploads\/2025\/07\/sobre-nosotros.jpg","type":"image\/jpeg"}],"twitter_card":"summary_large_image","twitter_misc":{"Gesch\u00e4tzte Lesezeit":"2\u00a0Minuten"},"schema":{"@context":"https:\/\/schema.org","@graph":[{"@type":"WebPage","@id":"https:\/\/www.validinforme.com\/de\/wir-suchen-experten-werden-sie-unser-partner-in-ganz-spanien\/","url":"https:\/\/www.validinforme.com\/de\/wir-suchen-experten-werden-sie-unser-partner-in-ganz-spanien\/","name":"Wir suchen Experten \u2013 Werden Sie unser Partner in ganz Spanien","isPartOf":{"@id":"http:\/\/www.validinforme.com\/de\/#website"},"primaryImageOfPage":{"@id":"https:\/\/www.validinforme.com\/de\/wir-suchen-experten-werden-sie-unser-partner-in-ganz-spanien\/#primaryimage"},"image":{"@id":"https:\/\/www.validinforme.com\/de\/wir-suchen-experten-werden-sie-unser-partner-in-ganz-spanien\/#primaryimage"},"thumbnailUrl":"https:\/\/www.validinforme.com\/wp-content\/uploads\/2025\/07\/sobre-nosotros.jpg","datePublished":"2025-08-11T11:39:25+00:00","dateModified":"2025-08-11T12:28:03+00:00","description":"Schlie\u00dfen Sie sich unserem Netzwerk von Experten in Spanien an.Wir suchen Architekten, Rechtsanw\u00e4lte, Steuerberater und Techniker ..","breadcrumb":{"@id":"https:\/\/www.validinforme.com\/de\/wir-suchen-experten-werden-sie-unser-partner-in-ganz-spanien\/#breadcrumb"},"inLanguage":"de","potentialAction":[{"@type":"ReadAction","target":["https:\/\/www.validinforme.com\/de\/wir-suchen-experten-werden-sie-unser-partner-in-ganz-spanien\/"]}]},{"@type":"ImageObject","inLanguage":"de","@id":"https:\/\/www.validinforme.com\/de\/wir-suchen-experten-werden-sie-unser-partner-in-ganz-spanien\/#primaryimage","url":"https:\/\/www.validinforme.com\/wp-content\/uploads\/2025\/07\/sobre-nosotros.jpg","contentUrl":"https:\/\/www.validinforme.com\/wp-content\/uploads\/2025\/07\/sobre-nosotros.jpg","width":1600,"height":1066,"caption":"Financial accounting stock market graphs analysis"},{"@type":"BreadcrumbList","@id":"https:\/\/www.validinforme.com\/de\/wir-suchen-experten-werden-sie-unser-partner-in-ganz-spanien\/#breadcrumb","itemListElement":[{"@type":"ListItem","position":1,"name":"Startseite","item":"http:\/\/www.validinforme.com\/de\/"},{"@type":"ListItem","position":2,"name":"Wir suchen Experten \u2013 Werden Sie unser Partner in ganz Spanien"}]},{"@type":"WebSite","@id":"http:\/\/www.validinforme.com\/de\/#website","url":"http:\/\/www.validinforme.com\/de\/","name":"validinforme","description":"Portal de servicios inmobiliarios para propietarios","publisher":{"@id":"http:\/\/www.validinforme.com\/de\/#organization"},"potentialAction":[{"@type":"SearchAction","target":{"@type":"EntryPoint","urlTemplate":"http:\/\/www.validinforme.com\/de\/?s={search_term_string}"},"query-input":{"@type":"PropertyValueSpecification","valueRequired":true,"valueName":"search_term_string"}}],"inLanguage":"de"},{"@type":"Organization","@id":"http:\/\/www.validinforme.com\/de\/#organization","name":"validinforme","url":"http:\/\/www.validinforme.com\/de\/","logo":{"@type":"ImageObject","inLanguage":"de","@id":"http:\/\/www.validinforme.com\/de\/#\/schema\/logo\/image\/","url":"http:\/\/www.validinforme.com\/wp-content\/uploads\/2025\/05\/cropped-casentro-favicon-full-orange-neu.png","contentUrl":"http:\/\/www.validinforme.com\/wp-content\/uploads\/2025\/05\/cropped-casentro-favicon-full-orange-neu.png","width":512,"height":512,"caption":"validinforme"},"image":{"@id":"http:\/\/www.validinforme.com\/de\/#\/schema\/logo\/image\/"}}]}},"_links":{"self":[{"href":"https:\/\/www.validinforme.com\/de\/wp-json\/wp\/v2\/pages\/14742","targetHints":{"allow":["GET"]}}],"collection":[{"href":"https:\/\/www.validinforme.com\/de\/wp-json\/wp\/v2\/pages"}],"about":[{"href":"https:\/\/www.validinforme.com\/de\/wp-json\/wp\/v2\/types\/page"}],"author":[{"embeddable":true,"href":"https:\/\/www.validinforme.com\/de\/wp-json\/wp\/v2\/users\/2"}],"replies":[{"embeddable":true,"href":"https:\/\/www.validinforme.com\/de\/wp-json\/wp\/v2\/comments?post=14742"}],"version-history":[{"count":12,"href":"https:\/\/www.validinforme.com\/de\/wp-json\/wp\/v2\/pages\/14742\/revisions"}],"predecessor-version":[{"id":14809,"href":"https:\/\/www.validinforme.com\/de\/wp-json\/wp\/v2\/pages\/14742\/revisions\/14809"}],"wp:featuredmedia":[{"embeddable":true,"href":"https:\/\/www.validinforme.com\/de\/wp-json\/wp\/v2\/media\/12845"}],"wp:attachment":[{"href":"https:\/\/www.validinforme.com\/de\/wp-json\/wp\/v2\/media?parent=14742"}],"curies":[{"name":"wp","href":"https:\/\/api.w.org\/{rel}","templated":true}]}}