{"id":14741,"date":"2025-08-11T11:39:25","date_gmt":"2025-08-11T11:39:25","guid":{"rendered":"https:\/\/www.validinforme.com\/?page_id=14741"},"modified":"2025-08-11T12:18:39","modified_gmt":"2025-08-11T12:18:39","slug":"nous-recherchons-des-experts-devenez-notre-partenaire-partout-en-espagne","status":"publish","type":"page","link":"https:\/\/www.validinforme.com\/fr\/nous-recherchons-des-experts-devenez-notre-partenaire-partout-en-espagne\/","title":{"rendered":"Nous recherchons des experts \u2013 Devenez notre partenaire partout en Espagne"},"content":{"rendered":"\t\t<div data-elementor-type=\"wp-page\" data-elementor-id=\"14741\" class=\"elementor elementor-14741 elementor-14738\">\n\t\t\t\t<div class=\"elementor-element elementor-element-005346c elementor-hidden-desktop elementor-hidden-tablet e-flex e-con-boxed rt-parallax-bg-no wpr-particle-no wpr-jarallax-no wpr-parallax-no wpr-sticky-section-no wpr-column-slider-no wpr-equal-height-no e-con e-parent\" data-id=\"005346c\" data-element_type=\"container\" data-e-type=\"container\">\n\t\t\t\t\t<div class=\"e-con-inner\">\n\t\t\t\t<div class=\"elementor-element elementor-element-00a3f3a elementor-widget elementor-widget-spacer\" data-id=\"00a3f3a\" data-element_type=\"widget\" data-e-type=\"widget\" data-widget_type=\"spacer.default\">\n\t\t\t\t<div class=\"elementor-widget-container\">\n\t\t\t\t\t\t\t<div class=\"elementor-spacer\">\n\t\t\t<div class=\"elementor-spacer-inner\"><\/div>\n\t\t<\/div>\n\t\t\t\t\t\t<\/div>\n\t\t\t\t<\/div>\n\t\t\t\t\t<\/div>\n\t\t\t\t<\/div>\n\t\t<div class=\"elementor-element elementor-element-a6ba8b6 e-flex e-con-boxed rt-parallax-bg-no wpr-particle-no wpr-jarallax-no wpr-parallax-no wpr-sticky-section-no wpr-column-slider-no wpr-equal-height-no e-con e-parent\" data-id=\"a6ba8b6\" data-element_type=\"container\" data-e-type=\"container\" data-settings=\"{&quot;background_background&quot;:&quot;classic&quot;}\">\n\t\t\t\t\t<div class=\"e-con-inner\">\n\t\t<div class=\"elementor-element elementor-element-6573875 e-flex e-con-boxed rt-parallax-bg-no wpr-particle-no wpr-jarallax-no wpr-parallax-no wpr-sticky-section-no wpr-column-slider-no wpr-equal-height-no e-con e-child\" data-id=\"6573875\" data-element_type=\"container\" data-e-type=\"container\" data-settings=\"{&quot;background_background&quot;:&quot;classic&quot;}\">\n\t\t\t\t\t<div class=\"e-con-inner\">\n\t\t\t\t<div class=\"elementor-element elementor-element-0f7aa6e elementor-widget__width-inherit elementor-hidden-mobile elementor-hidden-tablet elementor-invisible elementor-widget elementor-widget-rt-title\" data-id=\"0f7aa6e\" data-element_type=\"widget\" data-e-type=\"widget\" data-widget_type=\"rt-title.default\">\n\t\t\t\t<div class=\"elementor-widget-container\">\n\t\t\t\t\t<div class=\"section-title-wrapper\">\r\n\t<div class=\"title-inner-wrapper\">\r\n        \t\t<!--Top Sub Title-->\r\n\t\t\r\n\t\t<!--Main Title-->\r\n\t\t        <div class=\"wow-off fadeInUp\" data-wow-delay=\"400ms\" data-wow-duration=\"1200ms\">\r\n            <h1 class=\"main-title title-gradient-animation no no middle center\">Nous recherchons des experts \u2013 Devenez notre partenaire partout en Espagne<\/h1>\r\n        <\/div>\r\n        \r\n        <!--Description-->\r\n                    <div class=\"description wow-off fadeInUp\" data-wow-delay=\"600ms\" data-wow-duration=\"1200ms\">Architectes, Avocats, Experts-comptables, Techniciens et plus<\/div>\r\n        \r\n\t        <\/div>\r\n<\/div>\t\t\t\t<\/div>\n\t\t\t\t<\/div>\n\t\t\t\t<div class=\"elementor-element elementor-element-1257076 elementor-widget__width-inherit elementor-hidden-desktop elementor-invisible elementor-widget elementor-widget-rt-title\" data-id=\"1257076\" data-element_type=\"widget\" data-e-type=\"widget\" data-widget_type=\"rt-title.default\">\n\t\t\t\t<div class=\"elementor-widget-container\">\n\t\t\t\t\t<div class=\"section-title-wrapper\">\r\n\t<div class=\"title-inner-wrapper\">\r\n        \t\t<!--Top Sub Title-->\r\n\t\t\r\n\t\t<!--Main Title-->\r\n\t\t        <div class=\"wow-off fadeInUp\" data-wow-delay=\"400ms\" data-wow-duration=\"1200ms\">\r\n            <h1 class=\"main-title title-gradient-animation no no middle center\">Nous recherchons des experts \u2013 Devenez notre partenaire partout en Espagne<\/h1>\r\n        <\/div>\r\n        \r\n        <!--Description-->\r\n                    <div class=\"description wow-off fadeInUp\" data-wow-delay=\"600ms\" data-wow-duration=\"1200ms\">Architectes, Avocats, Experts-comptables, Techniciens et plus<\/div>\r\n        \r\n\t        <\/div>\r\n<\/div>\t\t\t\t<\/div>\n\t\t\t\t<\/div>\n\t\t<div class=\"elementor-element elementor-element-4579f1d e-grid e-con-full rt-parallax-bg-no wpr-particle-no wpr-jarallax-no wpr-parallax-no wpr-sticky-section-no wpr-column-slider-no wpr-equal-height-no e-con e-child\" data-id=\"4579f1d\" data-element_type=\"container\" data-e-type=\"container\">\n\t\t\t\t<div class=\"elementor-element elementor-element-553f95c elementor-widget elementor-widget-rt-image\" data-id=\"553f95c\" data-element_type=\"widget\" data-e-type=\"widget\" data-widget_type=\"rt-image.default\">\n\t\t\t\t<div class=\"elementor-widget-container\">\n\t\t\t\t\t\r\n<div class=\"rt-image-layout rt-image-layout-1  rt-image-parallax\">\r\n\r\n\t        <div class=\"rt-image default  wow-off fadeInUp\" data-wow-delay=\"200ms\" data-wow-duration=\"1200ms\">\r\n            <div data-depth=\"4.00\">\r\n\t            \t\t            <img fetchpriority=\"high\" decoding=\"async\" width=\"900\" height=\"580\" src=\"https:\/\/www.validinforme.com\/wp-content\/uploads\/2025\/08\/trabaje-con-nosotros.jpg\" class=\"attachment-full size-full\" alt=\"\" srcset=\"https:\/\/www.validinforme.com\/wp-content\/uploads\/2025\/08\/trabaje-con-nosotros.jpg 900w, https:\/\/www.validinforme.com\/wp-content\/uploads\/2025\/08\/trabaje-con-nosotros-300x193.jpg 300w, https:\/\/www.validinforme.com\/wp-content\/uploads\/2025\/08\/trabaje-con-nosotros-768x495.jpg 768w\" sizes=\"(max-width: 900px) 100vw, 900px\" \/>\t\t                        <\/div>\r\n        <\/div>\r\n            \r\n\t\r\n\t\r\n\t\r\n\t\r\n\t\r\n<\/div>\t\t\t\t<\/div>\n\t\t\t\t<\/div>\n\t\t\t\t<div class=\"elementor-element elementor-element-97517ad elementor-widget elementor-widget-text-editor\" data-id=\"97517ad\" data-element_type=\"widget\" data-e-type=\"widget\" data-widget_type=\"text-editor.default\">\n\t\t\t\t<div class=\"elementor-widget-container\">\n\t\t\t\t\t\t\t\t\t<p>Nous recherchons des <strong>architectes<\/strong>, <strong>avocats<\/strong>, <strong>experts-comptables<\/strong>, <strong>techniciens<\/strong> et autres <strong>professionnels<\/strong> qualifi\u00e9s pour r\u00e9pondre de mani\u00e8re fiable aux <strong>exigences<\/strong> de nos <strong>clients<\/strong>. Nos projets et missions couvrent toute <strong>l\u2019Espagne<\/strong> \u2013 des <strong>grandes villes<\/strong> dynamiques aux <strong>zones c\u00f4ti\u00e8res<\/strong> pris\u00e9es et aux r\u00e9gions rurales.<\/p><p>Nous intervenons dans divers <strong>domaines<\/strong>, notamment la <strong>planification<\/strong>, le <strong>conseil juridique<\/strong>, les <strong>questions fiscales<\/strong> ainsi que les <strong>rapports techniques<\/strong> et <strong>inspections<\/strong>. En tant que partenaire, vous b\u00e9n\u00e9ficierez de projets passionnants, d\u2019accords clairs et d\u2019une <strong>collaboration<\/strong> \u00e0 long terme fond\u00e9e sur la confiance.<\/p><p>Que vous travailliez en <strong>ind\u00e9pendant<\/strong> ou au sein d\u2019une entreprise \u2013 nous valorisons la <strong>comp\u00e9tence<\/strong>, la <strong>qualit\u00e9<\/strong> et la <strong>fiabilit\u00e9<\/strong>. Si vous souhaitez apporter votre <strong>exp\u00e9rience<\/strong> \u00e0 un r\u00e9seau solide, vous \u00eates au bon endroit.<\/p>\t\t\t\t\t\t\t\t<\/div>\n\t\t\t\t<\/div>\n\t\t\t\t<\/div>\n\t\t\t\t<div class=\"elementor-element elementor-element-65b67b4 elementor-widget__width-inherit elementor-widget elementor-widget-text-editor\" data-id=\"65b67b4\" data-element_type=\"widget\" data-e-type=\"widget\" data-widget_type=\"text-editor.default\">\n\t\t\t\t<div class=\"elementor-widget-container\">\n\t\t\t\t\t\t\t\t\t<p>ENSEMBLE, NOUS CR\u00c9ONS DES PARTENARIATS SOLIDES POUR DES PROJETS R\u00c9USSIS DANS TOUTE L\u2019ESPAGNE<\/p>\t\t\t\t\t\t\t\t<\/div>\n\t\t\t\t<\/div>\n\t\t\t\t<div class=\"elementor-element elementor-element-e7b210c elementor-widget__width-inherit elementor-invisible elementor-widget elementor-widget-rt-title\" data-id=\"e7b210c\" data-element_type=\"widget\" data-e-type=\"widget\" data-widget_type=\"rt-title.default\">\n\t\t\t\t<div class=\"elementor-widget-container\">\n\t\t\t\t\t<div class=\"section-title-wrapper\">\r\n\t<div class=\"title-inner-wrapper\">\r\n        \t\t<!--Top Sub Title-->\r\n\t\t\r\n\t\t<!--Main Title-->\r\n\t\t        <div class=\"wow-off fadeInUp\" data-wow-delay=\"400ms\" data-wow-duration=\"1200ms\">\r\n            <h3 class=\"main-title title-gradient-animation no no middle left\">\u00c0 propos de la collaboration\n \n<\/h3>\r\n        <\/div>\r\n        \r\n        <!--Description-->\r\n                    <div class=\"description wow-off fadeInUp\" data-wow-delay=\"600ms\" data-wow-duration=\"1200ms\"><p><strong>Contactez<\/strong>-nous pour discuter en d\u00e9tail des conditions, attentes et possibilit\u00e9s d\u2019une \u00e9ventuelle <strong>collaboration<\/strong>. Nous souhaitons conna\u00eetre votre <strong>exp\u00e9rience<\/strong>, votre <strong>sp\u00e9cialit\u00e9<\/strong> et la mani\u00e8re dont nous pouvons travailler ensemble de fa\u00e7on efficace et rentable. Notre objectif est d\u2019\u00e9tablir des relations durables avec des <strong>professionnels<\/strong> qui partagent nos valeurs de <strong>qualit\u00e9<\/strong>, de <strong>confiance<\/strong> et de <strong>responsabilit\u00e9<\/strong>. Ensemble, nous pouvons offrir \u00e0 nos <strong>clients<\/strong> le meilleur <strong>service<\/strong> dans toute <strong>l\u2019Espagne<\/strong>, en nous adaptant \u00e0 leurs besoins et en d\u00e9passant leurs attentes dans chaque projet.<\/p><\/div>\r\n        \r\n\t        <\/div>\r\n<\/div>\t\t\t\t<\/div>\n\t\t\t\t<\/div>\n\t\t\t\t<div class=\"elementor-element elementor-element-9c90026 elementor-invisible elementor-widget elementor-widget-rt-button\" data-id=\"9c90026\" data-element_type=\"widget\" data-e-type=\"widget\" data-widget_type=\"rt-button.default\">\n\t\t\t\t<div class=\"elementor-widget-container\">\n\t\t\t\t\t\r\n<div class=\"rt-button quixa-button wow-off fadeInUp\" data-wow-delay=\"200ms\" data-wow-duration=\"1200ms\">\r\n\t                    <a class=\"btn button-1\" href=\"https:\/\/www.validinforme.com\/fr\/contacto\/\" target=\"_blank\">\r\n                <div class=\"btn-wrap\">\r\n                    <span class=\"btn-text2\">Contact pour coop\u00e9ration<i class=\"icon-rt-right-arrow\"><\/i><\/span>\r\n                <\/div>\r\n            <\/a>\r\n        <\/div>\t\t\t\t<\/div>\n\t\t\t\t<\/div>\n\t\t\t\t\t<\/div>\n\t\t\t\t<\/div>\n\t\t\t\t\t<\/div>\n\t\t\t\t<\/div>\n\t\t<div class=\"elementor-element elementor-element-de4df40 e-flex e-con-boxed rt-parallax-bg-no wpr-particle-no wpr-jarallax-no wpr-parallax-no wpr-sticky-section-no wpr-column-slider-no wpr-equal-height-no e-con e-parent\" data-id=\"de4df40\" data-element_type=\"container\" data-e-type=\"container\">\n\t\t\t\t\t<div class=\"e-con-inner\">\n\t\t\t\t<div class=\"elementor-element elementor-element-d2d8132 elementor-widget elementor-widget-text-editor\" data-id=\"d2d8132\" data-element_type=\"widget\" data-e-type=\"widget\" data-widget_type=\"text-editor.default\">\n\t\t\t\t<div class=\"elementor-widget-container\">\n\t\t\t\t\t\t\t\t\t<p style=\"font-size: 9px; margin-top: -10px; margin-left: 5px;\">\u00a9 Droits d\u2019auteur photo \u2013 <a href=\"https:\/\/www.bigstockphoto.com\/de\/search\/?contributor=pinkypills\" rel=\"nofollow\">pinkypills<\/a> &#8211; <a href=\"https:\/\/www.bigstockphoto.com\/de\/\" rel=\"nofollow\">www.bigstockphoto.com<\/a><\/p>\t\t\t\t\t\t\t\t<\/div>\n\t\t\t\t<\/div>\n\t\t\t\t\t<\/div>\n\t\t\t\t<\/div>\n\t\t\t\t<\/div>\n\t\t","protected":false},"excerpt":{"rendered":"<p>Nous recherchons des experts \u2013 Devenez notre partenaire partout en Espagne Architectes, Avocats, Experts-comptables, Techniciens et plus Nous recherchons des experts \u2013 Devenez notre partenaire partout en Espagne Architectes, Avocats, Experts-comptables, Techniciens et plus Nous recherchons des architectes, avocats, experts-comptables, techniciens et autres professionnels qualifi\u00e9s pour r\u00e9pondre de mani\u00e8re fiable aux exigences de nos clients. Nos projets et missions couvrent toute l\u2019Espagne \u2013 des grandes villes dynamiques aux zones c\u00f4ti\u00e8res pris\u00e9es et aux r\u00e9gions rurales. Nous intervenons dans divers domaines, notamment la planification, le conseil juridique, les questions fiscales ainsi que les rapports techniques et inspections. En tant que partenaire, vous b\u00e9n\u00e9ficierez de projets passionnants, d\u2019accords clairs et d\u2019une collaboration \u00e0 long terme fond\u00e9e sur la confiance. Que vous travailliez en ind\u00e9pendant ou au sein d\u2019une entreprise \u2013 nous valorisons la comp\u00e9tence, la qualit\u00e9 et la fiabilit\u00e9. Si vous souhaitez apporter votre exp\u00e9rience \u00e0 un r\u00e9seau solide, vous \u00eates au bon endroit. ENSEMBLE, NOUS CR\u00c9ONS DES PARTENARIATS SOLIDES POUR DES PROJETS R\u00c9USSIS DANS TOUTE L\u2019ESPAGNE \u00c0 propos de la collaboration Contactez-nous pour discuter en d\u00e9tail des conditions, attentes et possibilit\u00e9s d\u2019une \u00e9ventuelle collaboration. Nous souhaitons conna\u00eetre votre exp\u00e9rience, votre sp\u00e9cialit\u00e9 et la mani\u00e8re dont nous pouvons travailler ensemble de fa\u00e7on efficace et rentable. Notre objectif est d\u2019\u00e9tablir des relations durables avec des professionnels qui partagent nos valeurs de qualit\u00e9, de confiance et de responsabilit\u00e9. Ensemble, nous pouvons offrir \u00e0 nos clients le meilleur service dans toute l\u2019Espagne, en nous adaptant \u00e0 leurs besoins et en d\u00e9passant leurs attentes dans chaque projet. Contact pour coop\u00e9ration \u00a9 Droits d\u2019auteur photo \u2013 pinkypills &#8211; www.bigstockphoto.com<\/p>\n","protected":false},"author":2,"featured_media":12844,"parent":0,"menu_order":0,"comment_status":"closed","ping_status":"closed","template":"elementor_header_footer","meta":{"inline_featured_image":false,"footnotes":""},"class_list":["post-14741","page","type-page","status-publish","has-post-thumbnail","hentry"],"yoast_head":"<!-- This site is optimized with the Yoast SEO plugin v27.5 - https:\/\/yoast.com\/product\/yoast-seo-wordpress\/ -->\n<title>Nous recherchons des experts en Espagne<\/title>\n<meta name=\"description\" content=\"Rejoignez notre r\u00e9seau d\u2019experts en Espagne. Nous recherchons architectes, avocats, experts-comptables et techniciens ..\" \/>\n<meta name=\"robots\" content=\"index, follow, max-snippet:-1, max-image-preview:large, max-video-preview:-1\" \/>\n<link rel=\"canonical\" href=\"https:\/\/www.validinforme.com\/fr\/nous-recherchons-des-experts-devenez-notre-partenaire-partout-en-espagne\/\" \/>\n<meta property=\"og:locale\" content=\"fr_FR\" \/>\n<meta property=\"og:type\" content=\"article\" \/>\n<meta property=\"og:title\" content=\"Nous recherchons des experts en Espagne\" \/>\n<meta property=\"og:description\" content=\"Rejoignez notre r\u00e9seau d\u2019experts en Espagne. Nous recherchons architectes, avocats, experts-comptables et techniciens ..\" \/>\n<meta property=\"og:url\" content=\"https:\/\/www.validinforme.com\/fr\/nous-recherchons-des-experts-devenez-notre-partenaire-partout-en-espagne\/\" \/>\n<meta property=\"og:site_name\" content=\"validinforme\" \/>\n<meta property=\"article:modified_time\" content=\"2025-08-11T12:18:39+00:00\" \/>\n<meta property=\"og:image\" content=\"https:\/\/www.validinforme.com\/wp-content\/uploads\/2025\/07\/sobre-nosotros.jpg\" \/>\n\t<meta property=\"og:image:width\" content=\"1600\" \/>\n\t<meta property=\"og:image:height\" content=\"1066\" \/>\n\t<meta property=\"og:image:type\" content=\"image\/jpeg\" \/>\n<meta name=\"twitter:card\" content=\"summary_large_image\" \/>\n<meta name=\"twitter:label1\" content=\"Dur\u00e9e de lecture estim\u00e9e\" \/>\n\t<meta name=\"twitter:data1\" content=\"2 minutes\" \/>\n<script type=\"application\/ld+json\" class=\"yoast-schema-graph\">{\"@context\":\"https:\\\/\\\/schema.org\",\"@graph\":[{\"@type\":\"WebPage\",\"@id\":\"https:\\\/\\\/www.validinforme.com\\\/fr\\\/nous-recherchons-des-experts-devenez-notre-partenaire-partout-en-espagne\\\/\",\"url\":\"https:\\\/\\\/www.validinforme.com\\\/fr\\\/nous-recherchons-des-experts-devenez-notre-partenaire-partout-en-espagne\\\/\",\"name\":\"Nous recherchons des experts en Espagne\",\"isPartOf\":{\"@id\":\"http:\\\/\\\/www.validinforme.com\\\/fr\\\/#website\"},\"primaryImageOfPage\":{\"@id\":\"https:\\\/\\\/www.validinforme.com\\\/fr\\\/nous-recherchons-des-experts-devenez-notre-partenaire-partout-en-espagne\\\/#primaryimage\"},\"image\":{\"@id\":\"https:\\\/\\\/www.validinforme.com\\\/fr\\\/nous-recherchons-des-experts-devenez-notre-partenaire-partout-en-espagne\\\/#primaryimage\"},\"thumbnailUrl\":\"https:\\\/\\\/www.validinforme.com\\\/wp-content\\\/uploads\\\/2025\\\/07\\\/sobre-nosotros.jpg\",\"datePublished\":\"2025-08-11T11:39:25+00:00\",\"dateModified\":\"2025-08-11T12:18:39+00:00\",\"description\":\"Rejoignez notre r\u00e9seau d\u2019experts en Espagne. Nous recherchons architectes, avocats, experts-comptables et techniciens ..\",\"breadcrumb\":{\"@id\":\"https:\\\/\\\/www.validinforme.com\\\/fr\\\/nous-recherchons-des-experts-devenez-notre-partenaire-partout-en-espagne\\\/#breadcrumb\"},\"inLanguage\":\"fr-FR\",\"potentialAction\":[{\"@type\":\"ReadAction\",\"target\":[\"https:\\\/\\\/www.validinforme.com\\\/fr\\\/nous-recherchons-des-experts-devenez-notre-partenaire-partout-en-espagne\\\/\"]}]},{\"@type\":\"ImageObject\",\"inLanguage\":\"fr-FR\",\"@id\":\"https:\\\/\\\/www.validinforme.com\\\/fr\\\/nous-recherchons-des-experts-devenez-notre-partenaire-partout-en-espagne\\\/#primaryimage\",\"url\":\"https:\\\/\\\/www.validinforme.com\\\/wp-content\\\/uploads\\\/2025\\\/07\\\/sobre-nosotros.jpg\",\"contentUrl\":\"https:\\\/\\\/www.validinforme.com\\\/wp-content\\\/uploads\\\/2025\\\/07\\\/sobre-nosotros.jpg\",\"width\":1600,\"height\":1066,\"caption\":\"Financial accounting stock market graphs analysis\"},{\"@type\":\"BreadcrumbList\",\"@id\":\"https:\\\/\\\/www.validinforme.com\\\/fr\\\/nous-recherchons-des-experts-devenez-notre-partenaire-partout-en-espagne\\\/#breadcrumb\",\"itemListElement\":[{\"@type\":\"ListItem\",\"position\":1,\"name\":\"Startseite\",\"item\":\"http:\\\/\\\/www.validinforme.com\\\/fr\\\/\"},{\"@type\":\"ListItem\",\"position\":2,\"name\":\"Nous recherchons des experts \u2013 Devenez notre partenaire partout en Espagne\"}]},{\"@type\":\"WebSite\",\"@id\":\"http:\\\/\\\/www.validinforme.com\\\/fr\\\/#website\",\"url\":\"http:\\\/\\\/www.validinforme.com\\\/fr\\\/\",\"name\":\"validinforme\",\"description\":\"Portal de servicios inmobiliarios para propietarios\",\"publisher\":{\"@id\":\"http:\\\/\\\/www.validinforme.com\\\/fr\\\/#organization\"},\"potentialAction\":[{\"@type\":\"SearchAction\",\"target\":{\"@type\":\"EntryPoint\",\"urlTemplate\":\"http:\\\/\\\/www.validinforme.com\\\/fr\\\/?s={search_term_string}\"},\"query-input\":{\"@type\":\"PropertyValueSpecification\",\"valueRequired\":true,\"valueName\":\"search_term_string\"}}],\"inLanguage\":\"fr-FR\"},{\"@type\":\"Organization\",\"@id\":\"http:\\\/\\\/www.validinforme.com\\\/fr\\\/#organization\",\"name\":\"validinforme\",\"url\":\"http:\\\/\\\/www.validinforme.com\\\/fr\\\/\",\"logo\":{\"@type\":\"ImageObject\",\"inLanguage\":\"fr-FR\",\"@id\":\"http:\\\/\\\/www.validinforme.com\\\/fr\\\/#\\\/schema\\\/logo\\\/image\\\/\",\"url\":\"http:\\\/\\\/www.validinforme.com\\\/wp-content\\\/uploads\\\/2025\\\/05\\\/cropped-casentro-favicon-full-orange-neu.png\",\"contentUrl\":\"http:\\\/\\\/www.validinforme.com\\\/wp-content\\\/uploads\\\/2025\\\/05\\\/cropped-casentro-favicon-full-orange-neu.png\",\"width\":512,\"height\":512,\"caption\":\"validinforme\"},\"image\":{\"@id\":\"http:\\\/\\\/www.validinforme.com\\\/fr\\\/#\\\/schema\\\/logo\\\/image\\\/\"}}]}<\/script>\n<!-- \/ Yoast SEO plugin. -->","yoast_head_json":{"title":"Nous recherchons des experts en Espagne","description":"Rejoignez notre r\u00e9seau d\u2019experts en Espagne. Nous recherchons architectes, avocats, experts-comptables et techniciens ..","robots":{"index":"index","follow":"follow","max-snippet":"max-snippet:-1","max-image-preview":"max-image-preview:large","max-video-preview":"max-video-preview:-1"},"canonical":"https:\/\/www.validinforme.com\/fr\/nous-recherchons-des-experts-devenez-notre-partenaire-partout-en-espagne\/","og_locale":"fr_FR","og_type":"article","og_title":"Nous recherchons des experts en Espagne","og_description":"Rejoignez notre r\u00e9seau d\u2019experts en Espagne. Nous recherchons architectes, avocats, experts-comptables et techniciens ..","og_url":"https:\/\/www.validinforme.com\/fr\/nous-recherchons-des-experts-devenez-notre-partenaire-partout-en-espagne\/","og_site_name":"validinforme","article_modified_time":"2025-08-11T12:18:39+00:00","og_image":[{"width":1600,"height":1066,"url":"https:\/\/www.validinforme.com\/wp-content\/uploads\/2025\/07\/sobre-nosotros.jpg","type":"image\/jpeg"}],"twitter_card":"summary_large_image","twitter_misc":{"Dur\u00e9e de lecture estim\u00e9e":"2 minutes"},"schema":{"@context":"https:\/\/schema.org","@graph":[{"@type":"WebPage","@id":"https:\/\/www.validinforme.com\/fr\/nous-recherchons-des-experts-devenez-notre-partenaire-partout-en-espagne\/","url":"https:\/\/www.validinforme.com\/fr\/nous-recherchons-des-experts-devenez-notre-partenaire-partout-en-espagne\/","name":"Nous recherchons des experts en Espagne","isPartOf":{"@id":"http:\/\/www.validinforme.com\/fr\/#website"},"primaryImageOfPage":{"@id":"https:\/\/www.validinforme.com\/fr\/nous-recherchons-des-experts-devenez-notre-partenaire-partout-en-espagne\/#primaryimage"},"image":{"@id":"https:\/\/www.validinforme.com\/fr\/nous-recherchons-des-experts-devenez-notre-partenaire-partout-en-espagne\/#primaryimage"},"thumbnailUrl":"https:\/\/www.validinforme.com\/wp-content\/uploads\/2025\/07\/sobre-nosotros.jpg","datePublished":"2025-08-11T11:39:25+00:00","dateModified":"2025-08-11T12:18:39+00:00","description":"Rejoignez notre r\u00e9seau d\u2019experts en Espagne. Nous recherchons architectes, avocats, experts-comptables et techniciens ..","breadcrumb":{"@id":"https:\/\/www.validinforme.com\/fr\/nous-recherchons-des-experts-devenez-notre-partenaire-partout-en-espagne\/#breadcrumb"},"inLanguage":"fr-FR","potentialAction":[{"@type":"ReadAction","target":["https:\/\/www.validinforme.com\/fr\/nous-recherchons-des-experts-devenez-notre-partenaire-partout-en-espagne\/"]}]},{"@type":"ImageObject","inLanguage":"fr-FR","@id":"https:\/\/www.validinforme.com\/fr\/nous-recherchons-des-experts-devenez-notre-partenaire-partout-en-espagne\/#primaryimage","url":"https:\/\/www.validinforme.com\/wp-content\/uploads\/2025\/07\/sobre-nosotros.jpg","contentUrl":"https:\/\/www.validinforme.com\/wp-content\/uploads\/2025\/07\/sobre-nosotros.jpg","width":1600,"height":1066,"caption":"Financial accounting stock market graphs analysis"},{"@type":"BreadcrumbList","@id":"https:\/\/www.validinforme.com\/fr\/nous-recherchons-des-experts-devenez-notre-partenaire-partout-en-espagne\/#breadcrumb","itemListElement":[{"@type":"ListItem","position":1,"name":"Startseite","item":"http:\/\/www.validinforme.com\/fr\/"},{"@type":"ListItem","position":2,"name":"Nous recherchons des experts \u2013 Devenez notre partenaire partout en Espagne"}]},{"@type":"WebSite","@id":"http:\/\/www.validinforme.com\/fr\/#website","url":"http:\/\/www.validinforme.com\/fr\/","name":"validinforme","description":"Portal de servicios inmobiliarios para propietarios","publisher":{"@id":"http:\/\/www.validinforme.com\/fr\/#organization"},"potentialAction":[{"@type":"SearchAction","target":{"@type":"EntryPoint","urlTemplate":"http:\/\/www.validinforme.com\/fr\/?s={search_term_string}"},"query-input":{"@type":"PropertyValueSpecification","valueRequired":true,"valueName":"search_term_string"}}],"inLanguage":"fr-FR"},{"@type":"Organization","@id":"http:\/\/www.validinforme.com\/fr\/#organization","name":"validinforme","url":"http:\/\/www.validinforme.com\/fr\/","logo":{"@type":"ImageObject","inLanguage":"fr-FR","@id":"http:\/\/www.validinforme.com\/fr\/#\/schema\/logo\/image\/","url":"http:\/\/www.validinforme.com\/wp-content\/uploads\/2025\/05\/cropped-casentro-favicon-full-orange-neu.png","contentUrl":"http:\/\/www.validinforme.com\/wp-content\/uploads\/2025\/05\/cropped-casentro-favicon-full-orange-neu.png","width":512,"height":512,"caption":"validinforme"},"image":{"@id":"http:\/\/www.validinforme.com\/fr\/#\/schema\/logo\/image\/"}}]}},"_links":{"self":[{"href":"https:\/\/www.validinforme.com\/fr\/wp-json\/wp\/v2\/pages\/14741","targetHints":{"allow":["GET"]}}],"collection":[{"href":"https:\/\/www.validinforme.com\/fr\/wp-json\/wp\/v2\/pages"}],"about":[{"href":"https:\/\/www.validinforme.com\/fr\/wp-json\/wp\/v2\/types\/page"}],"author":[{"embeddable":true,"href":"https:\/\/www.validinforme.com\/fr\/wp-json\/wp\/v2\/users\/2"}],"replies":[{"embeddable":true,"href":"https:\/\/www.validinforme.com\/fr\/wp-json\/wp\/v2\/comments?post=14741"}],"version-history":[{"count":10,"href":"https:\/\/www.validinforme.com\/fr\/wp-json\/wp\/v2\/pages\/14741\/revisions"}],"predecessor-version":[{"id":14797,"href":"https:\/\/www.validinforme.com\/fr\/wp-json\/wp\/v2\/pages\/14741\/revisions\/14797"}],"wp:featuredmedia":[{"embeddable":true,"href":"https:\/\/www.validinforme.com\/fr\/wp-json\/wp\/v2\/media\/12844"}],"wp:attachment":[{"href":"https:\/\/www.validinforme.com\/fr\/wp-json\/wp\/v2\/media?parent=14741"}],"curies":[{"name":"wp","href":"https:\/\/api.w.org\/{rel}","templated":true}]}}